{"id":255,"date":"2024-04-05T13:27:16","date_gmt":"2024-04-05T18:27:16","guid":{"rendered":"https:\/\/mflery.com\/tiendavirtual\/?page_id=255"},"modified":"2024-05-09T19:49:17","modified_gmt":"2024-05-10T00:49:17","slug":"nosotros","status":"publish","type":"page","link":"https:\/\/mflery.com\/tiendavirtual\/?page_id=255","title":{"rendered":"Nosotros"},"content":{"rendered":"<hr \/>\n<div id=\"Content\">\n<p><span style=\"color: #3b632f;\"><strong>MFlery<\/strong> Soluciones Ambientales SAS es una empresa que se dedica a la <strong>importaci\u00f3n, distribuci\u00f3n y representaci\u00f3n de productos dirigidos al sector qu\u00edmico, petroqu\u00edmico, petrolero, gas, transportes<\/strong> entre otros.<\/span><\/p>\n<p><span style=\"color: #3b632f;\">Estamos comprometidos con el medio ambiente, por lo que<strong> IMPORTAMOS Y REPRESENTAMOS A VARIAS FIRMAS INTERNACIONALES QUE FABRICAN PRODUCTOS que previenen CONTINGENCIAS AMBIENTALES COMO DERRAMES de hidrocarburos y sus derivados , qu\u00edmicos y \u00e1cidos , as\u00ed como desengrasantes a base de agua certificados como altamente ecol\u00f3gicos, y kits ambientales.<\/strong><\/span><\/p>\n<p><span style=\"color: #3b632f;\">Nuestro equipo est\u00e1 conformado por personas altamente capacitadas y dispuestas a solucionar las necesidades de su empresa, convirti\u00e9ndonos en sus proveedores y aliados estrat\u00e9gicos.<\/span><\/p>\n<hr \/>\n<p><span style=\"color: #3b632f;\"><strong>MISI\u00d3N<br \/>\n<\/strong>Para 2030 Ser <strong>aliado estrat\u00e9gico del sector qu\u00edmico, petroqu\u00edmico petrolero, gas, transportes<\/strong> entre otros, dando los mejores productos y el mejor servicio al cliente; <strong>prevenir y corregir accidentes ambientales<\/strong> que puedan comprometer el bienestar de los ecosistemas involucrados y proveer productos para garantizar la protecci\u00f3n de la mano de obra de su empresa.<\/span><\/p>\n<hr \/>\n<p><span style=\"color: #3b632f;\"><strong>VISI\u00d3N<br \/>\n<\/strong>Ser la empresa l\u00edder en<strong> importaci\u00f3n, distribuci\u00f3n y representaci\u00f3n de productos dirigidos al sector qu\u00edmico, petroqu\u00edmico, petrolero, gas, transporte<\/strong> entre otros, destac\u00e1ndonos por la calidad de los productos y por el mejor servicio al cliente.<\/span><\/p>\n<\/div>\n","protected":false},"excerpt":{"rendered":"<p>MFlery Soluciones Ambientales SAS es una empresa que se dedica a la importaci\u00f3n, distribuci\u00f3n y representaci\u00f3n de productos dirigidos al sector qu\u00edmico, petroqu\u00edmico, petrolero, gas, transportes entre otros. Estamos comprometidos con el medio ambiente, por lo que IMPORTAMOS Y REPRESENTAMOS A VARIAS FIRMAS INTERNACIONALES QUE FABRICAN PRODUCTOS que previenen CONTINGENCIAS AMBIENTALES COMO DERRAMES de hidrocarburos [&hellip;]<\/p>\n","protected":false},"author":1,"featured_media":188,"parent":0,"menu_order":0,"comment_status":"closed","ping_status":"closed","template":"template-parts\/about.php","meta":{"_acf_changed":false,"_joinchat":[],"footnotes":""},"class_list":["post-255","page","type-page","status-publish","has-post-thumbnail","hentry"],"acf":[],"yoast_head":"<!-- This site is optimized with the Yoast SEO plugin v22.6 - https:\/\/yoast.com\/wordpress\/plugins\/seo\/ -->\n<title>Nosotros - Mflery | Soluciones Ambientales<\/title>\n<meta name=\"description\" content=\"Nos dedicamos a la importaci\u00f3n y distribuci\u00f3n de productos dirigidos al sector qu\u00edmico, petroqu\u00edmico, petrolero, gas, transportes entre otros | +25 a\u00f1os de experiencia\" \/>\n<meta name=\"robots\" content=\"index, follow, max-snippet:-1, max-image-preview:large, max-video-preview:-1\" \/>\n<link rel=\"canonical\" href=\"https:\/\/mflery.com\/tiendavirtual\/?page_id=255\" \/>\n<meta property=\"og:locale\" content=\"es_ES\" \/>\n<meta property=\"og:type\" content=\"article\" \/>\n<meta property=\"og:title\" content=\"Nosotros - Mflery | Soluciones Ambientales\" \/>\n<meta property=\"og:description\" content=\"Nos dedicamos a la importaci\u00f3n y distribuci\u00f3n de productos dirigidos al sector qu\u00edmico, petroqu\u00edmico, petrolero, gas, transportes entre otros | +25 a\u00f1os de experiencia\" \/>\n<meta property=\"og:url\" content=\"https:\/\/mflery.com\/tiendavirtual\/?page_id=255\" \/>\n<meta property=\"og:site_name\" content=\"Mflery | Soluciones Ambientales\" \/>\n<meta property=\"article:modified_time\" content=\"2024-05-10T00:49:17+00:00\" \/>\n<meta property=\"og:image\" content=\"https:\/\/mflery.com\/tiendavirtual\/wp-content\/uploads\/2024\/03\/backprodutos.jpg\" \/>\n\t<meta property=\"og:image:width\" content=\"1440\" \/>\n\t<meta property=\"og:image:height\" content=\"900\" \/>\n\t<meta property=\"og:image:type\" content=\"image\/jpeg\" \/>\n<meta name=\"twitter:card\" content=\"summary_large_image\" \/>\n<meta name=\"twitter:label1\" content=\"Tiempo de lectura\" \/>\n\t<meta name=\"twitter:data1\" content=\"2 minutos\" \/>\n<script type=\"application\/ld+json\" class=\"yoast-schema-graph\">{\"@context\":\"https:\/\/schema.org\",\"@graph\":[{\"@type\":\"WebPage\",\"@id\":\"https:\/\/mflery.com\/tiendavirtual\/?page_id=255\",\"url\":\"https:\/\/mflery.com\/tiendavirtual\/?page_id=255\",\"name\":\"Nosotros - Mflery | Soluciones Ambientales\",\"isPartOf\":{\"@id\":\"https:\/\/mflery.com\/tiendavirtual\/#website\"},\"primaryImageOfPage\":{\"@id\":\"https:\/\/mflery.com\/tiendavirtual\/?page_id=255#primaryimage\"},\"image\":{\"@id\":\"https:\/\/mflery.com\/tiendavirtual\/?page_id=255#primaryimage\"},\"thumbnailUrl\":\"https:\/\/mflery.com\/tiendavirtual\/wp-content\/uploads\/2024\/03\/backprodutos.jpg\",\"datePublished\":\"2024-04-05T18:27:16+00:00\",\"dateModified\":\"2024-05-10T00:49:17+00:00\",\"description\":\"Nos dedicamos a la importaci\u00f3n y distribuci\u00f3n de productos dirigidos al sector qu\u00edmico, petroqu\u00edmico, petrolero, gas, transportes entre otros | +25 a\u00f1os de experiencia\",\"breadcrumb\":{\"@id\":\"https:\/\/mflery.com\/tiendavirtual\/?page_id=255#breadcrumb\"},\"inLanguage\":\"es-CO\",\"potentialAction\":[{\"@type\":\"ReadAction\",\"target\":[\"https:\/\/mflery.com\/tiendavirtual\/?page_id=255\"]}]},{\"@type\":\"ImageObject\",\"inLanguage\":\"es-CO\",\"@id\":\"https:\/\/mflery.com\/tiendavirtual\/?page_id=255#primaryimage\",\"url\":\"https:\/\/mflery.com\/tiendavirtual\/wp-content\/uploads\/2024\/03\/backprodutos.jpg\",\"contentUrl\":\"https:\/\/mflery.com\/tiendavirtual\/wp-content\/uploads\/2024\/03\/backprodutos.jpg\",\"width\":1440,\"height\":900},{\"@type\":\"BreadcrumbList\",\"@id\":\"https:\/\/mflery.com\/tiendavirtual\/?page_id=255#breadcrumb\",\"itemListElement\":[{\"@type\":\"ListItem\",\"position\":1,\"name\":\"Inicio\",\"item\":\"https:\/\/mflery.com\/tiendavirtual\/\"},{\"@type\":\"ListItem\",\"position\":2,\"name\":\"Nosotros\"}]},{\"@type\":\"WebSite\",\"@id\":\"https:\/\/mflery.com\/tiendavirtual\/#website\",\"url\":\"https:\/\/mflery.com\/tiendavirtual\/\",\"name\":\"Mflery | Soluciones Ambientales\",\"description\":\"Entrega inmediata en todo el pa\u00eds | Precios m\u00e1s bajos garantizados\",\"publisher\":{\"@id\":\"https:\/\/mflery.com\/tiendavirtual\/#organization\"},\"potentialAction\":[{\"@type\":\"SearchAction\",\"target\":{\"@type\":\"EntryPoint\",\"urlTemplate\":\"https:\/\/mflery.com\/tiendavirtual\/?s={search_term_string}\"},\"query-input\":\"required name=search_term_string\"}],\"inLanguage\":\"es-CO\"},{\"@type\":\"Organization\",\"@id\":\"https:\/\/mflery.com\/tiendavirtual\/#organization\",\"name\":\"Mflery | Soluciones Ambientales\",\"url\":\"https:\/\/mflery.com\/tiendavirtual\/\",\"logo\":{\"@type\":\"ImageObject\",\"inLanguage\":\"es-CO\",\"@id\":\"https:\/\/mflery.com\/tiendavirtual\/#\/schema\/logo\/image\/\",\"url\":\"https:\/\/mflery.com\/tiendavirtual\/wp-content\/uploads\/2024\/02\/cropped-logo_mflery.png\",\"contentUrl\":\"https:\/\/mflery.com\/tiendavirtual\/wp-content\/uploads\/2024\/02\/cropped-logo_mflery.png\",\"width\":836,\"height\":254,\"caption\":\"Mflery | Soluciones Ambientales\"},\"image\":{\"@id\":\"https:\/\/mflery.com\/tiendavirtual\/#\/schema\/logo\/image\/\"}}]}<\/script>\n<!-- \/ Yoast SEO plugin. -->","yoast_head_json":{"title":"Nosotros - Mflery | Soluciones Ambientales","description":"Nos dedicamos a la importaci\u00f3n y distribuci\u00f3n de productos dirigidos al sector qu\u00edmico, petroqu\u00edmico, petrolero, gas, transportes entre otros | +25 a\u00f1os de experiencia","robots":{"index":"index","follow":"follow","max-snippet":"max-snippet:-1","max-image-preview":"max-image-preview:large","max-video-preview":"max-video-preview:-1"},"canonical":"https:\/\/mflery.com\/tiendavirtual\/?page_id=255","og_locale":"es_ES","og_type":"article","og_title":"Nosotros - Mflery | Soluciones Ambientales","og_description":"Nos dedicamos a la importaci\u00f3n y distribuci\u00f3n de productos dirigidos al sector qu\u00edmico, petroqu\u00edmico, petrolero, gas, transportes entre otros | +25 a\u00f1os de experiencia","og_url":"https:\/\/mflery.com\/tiendavirtual\/?page_id=255","og_site_name":"Mflery | Soluciones Ambientales","article_modified_time":"2024-05-10T00:49:17+00:00","og_image":[{"width":1440,"height":900,"url":"https:\/\/mflery.com\/tiendavirtual\/wp-content\/uploads\/2024\/03\/backprodutos.jpg","type":"image\/jpeg"}],"twitter_card":"summary_large_image","twitter_misc":{"Tiempo de lectura":"2 minutos"},"schema":{"@context":"https:\/\/schema.org","@graph":[{"@type":"WebPage","@id":"https:\/\/mflery.com\/tiendavirtual\/?page_id=255","url":"https:\/\/mflery.com\/tiendavirtual\/?page_id=255","name":"Nosotros - Mflery | Soluciones Ambientales","isPartOf":{"@id":"https:\/\/mflery.com\/tiendavirtual\/#website"},"primaryImageOfPage":{"@id":"https:\/\/mflery.com\/tiendavirtual\/?page_id=255#primaryimage"},"image":{"@id":"https:\/\/mflery.com\/tiendavirtual\/?page_id=255#primaryimage"},"thumbnailUrl":"https:\/\/mflery.com\/tiendavirtual\/wp-content\/uploads\/2024\/03\/backprodutos.jpg","datePublished":"2024-04-05T18:27:16+00:00","dateModified":"2024-05-10T00:49:17+00:00","description":"Nos dedicamos a la importaci\u00f3n y distribuci\u00f3n de productos dirigidos al sector qu\u00edmico, petroqu\u00edmico, petrolero, gas, transportes entre otros | +25 a\u00f1os de experiencia","breadcrumb":{"@id":"https:\/\/mflery.com\/tiendavirtual\/?page_id=255#breadcrumb"},"inLanguage":"es-CO","potentialAction":[{"@type":"ReadAction","target":["https:\/\/mflery.com\/tiendavirtual\/?page_id=255"]}]},{"@type":"ImageObject","inLanguage":"es-CO","@id":"https:\/\/mflery.com\/tiendavirtual\/?page_id=255#primaryimage","url":"https:\/\/mflery.com\/tiendavirtual\/wp-content\/uploads\/2024\/03\/backprodutos.jpg","contentUrl":"https:\/\/mflery.com\/tiendavirtual\/wp-content\/uploads\/2024\/03\/backprodutos.jpg","width":1440,"height":900},{"@type":"BreadcrumbList","@id":"https:\/\/mflery.com\/tiendavirtual\/?page_id=255#breadcrumb","itemListElement":[{"@type":"ListItem","position":1,"name":"Inicio","item":"https:\/\/mflery.com\/tiendavirtual\/"},{"@type":"ListItem","position":2,"name":"Nosotros"}]},{"@type":"WebSite","@id":"https:\/\/mflery.com\/tiendavirtual\/#website","url":"https:\/\/mflery.com\/tiendavirtual\/","name":"Mflery | Soluciones Ambientales","description":"Entrega inmediata en todo el pa\u00eds | Precios m\u00e1s bajos garantizados","publisher":{"@id":"https:\/\/mflery.com\/tiendavirtual\/#organization"},"potentialAction":[{"@type":"SearchAction","target":{"@type":"EntryPoint","urlTemplate":"https:\/\/mflery.com\/tiendavirtual\/?s={search_term_string}"},"query-input":"required name=search_term_string"}],"inLanguage":"es-CO"},{"@type":"Organization","@id":"https:\/\/mflery.com\/tiendavirtual\/#organization","name":"Mflery | Soluciones Ambientales","url":"https:\/\/mflery.com\/tiendavirtual\/","logo":{"@type":"ImageObject","inLanguage":"es-CO","@id":"https:\/\/mflery.com\/tiendavirtual\/#\/schema\/logo\/image\/","url":"https:\/\/mflery.com\/tiendavirtual\/wp-content\/uploads\/2024\/02\/cropped-logo_mflery.png","contentUrl":"https:\/\/mflery.com\/tiendavirtual\/wp-content\/uploads\/2024\/02\/cropped-logo_mflery.png","width":836,"height":254,"caption":"Mflery | Soluciones Ambientales"},"image":{"@id":"https:\/\/mflery.com\/tiendavirtual\/#\/schema\/logo\/image\/"}}]}},"_links":{"self":[{"href":"https:\/\/mflery.com\/tiendavirtual\/index.php?rest_route=\/wp\/v2\/pages\/255","targetHints":{"allow":["GET"]}}],"collection":[{"href":"https:\/\/mflery.com\/tiendavirtual\/index.php?rest_route=\/wp\/v2\/pages"}],"about":[{"href":"https:\/\/mflery.com\/tiendavirtual\/index.php?rest_route=\/wp\/v2\/types\/page"}],"author":[{"embeddable":true,"href":"https:\/\/mflery.com\/tiendavirtual\/index.php?rest_route=\/wp\/v2\/users\/1"}],"replies":[{"embeddable":true,"href":"https:\/\/mflery.com\/tiendavirtual\/index.php?rest_route=%2Fwp%2Fv2%2Fcomments&post=255"}],"version-history":[{"count":8,"href":"https:\/\/mflery.com\/tiendavirtual\/index.php?rest_route=\/wp\/v2\/pages\/255\/revisions"}],"predecessor-version":[{"id":642,"href":"https:\/\/mflery.com\/tiendavirtual\/index.php?rest_route=\/wp\/v2\/pages\/255\/revisions\/642"}],"wp:featuredmedia":[{"embeddable":true,"href":"https:\/\/mflery.com\/tiendavirtual\/index.php?rest_route=\/wp\/v2\/media\/188"}],"wp:attachment":[{"href":"https:\/\/mflery.com\/tiendavirtual\/index.php?rest_route=%2Fwp%2Fv2%2Fmedia&parent=255"}],"curies":[{"name":"wp","href":"https:\/\/api.w.org\/{rel}","templated":true}]}}