{"id":478,"date":"2024-05-08T18:30:23","date_gmt":"2024-05-08T23:30:23","guid":{"rendered":"https:\/\/mflery.com\/?post_type=product&#038;p=478"},"modified":"2024-05-09T19:15:54","modified_gmt":"2024-05-10T00:15:54","slug":"panos-de-tela-oelofilica-35-x-458-cm","status":"publish","type":"product","link":"https:\/\/mflery.com\/?product=panos-de-tela-oelofilica-35-x-458-cm","title":{"rendered":"Pa\u00f1os de tela oelof\u00edlica 35 x 45,8 cm"},"content":{"rendered":"<p>Los pa\u00f1os de tela oleof\u00edlica son ideales para limpiar residuos de hidrocarburos y sus derivados. Su gran capacidad de absorci\u00f3n y reutilizaci\u00f3n los hacen un insumo pr\u00e1ctico y econ\u00f3mico para manejar todo tipo de derrames. Vendidos por unidad, paquete y al por mayor.<\/p>\n","protected":false},"excerpt":{"rendered":"<p>Los pa\u00f1os de tela oleof\u00edlica son ideales para limpiar residuos de hidrocarburos y sus derivados. Su gran capacidad de absorci\u00f3n y reutilizaci\u00f3n los hacen un insumo pr\u00e1ctico y econ\u00f3mico para manejar todo tipo de derrames. Vendidos por unidad, paquete y al por mayor.<\/p>\n","protected":false},"featured_media":328,"template":"","meta":{"_acf_changed":false},"product_cat":[76,19,73],"product_tag":[],"class_list":{"0":"post-478","1":"product","2":"type-product","3":"status-publish","4":"has-post-thumbnail","6":"product_cat-panos","7":"product_cat-telas-absorbentes","8":"product_cat-telas-oleofilicas","10":"first","11":"instock","12":"sale","13":"taxable","14":"shipping-taxable","15":"purchasable","16":"product-type-variable"},"acf":[],"yoast_head":"<!-- This site is optimized with the Yoast SEO plugin v27.5 - https:\/\/yoast.com\/product\/yoast-seo-wordpress\/ -->\n<title>Pa\u00f1os de tela oelof\u00edlica 35 x 45,8 cm - Mflery | Soluciones Ambientales<\/title>\n<meta name=\"robots\" content=\"index, follow, max-snippet:-1, max-image-preview:large, max-video-preview:-1\" \/>\n<link rel=\"canonical\" href=\"https:\/\/mflery.com\/?product=panos-de-tela-oelofilica-35-x-458-cm\" \/>\n<meta property=\"og:locale\" content=\"es_ES\" \/>\n<meta property=\"og:type\" content=\"article\" \/>\n<meta property=\"og:title\" content=\"Pa\u00f1os de tela oelof\u00edlica 35 x 45,8 cm - Mflery | Soluciones Ambientales\" \/>\n<meta property=\"og:description\" content=\"Los pa\u00f1os de tela oleof\u00edlica son ideales para limpiar residuos de hidrocarburos y sus derivados. Su gran capacidad de absorci\u00f3n y reutilizaci\u00f3n los hacen un insumo pr\u00e1ctico y econ\u00f3mico para manejar todo tipo de derrames. Vendidos por unidad, paquete y al por mayor.\" \/>\n<meta property=\"og:url\" content=\"https:\/\/mflery.com\/?product=panos-de-tela-oelofilica-35-x-458-cm\" \/>\n<meta property=\"og:site_name\" content=\"Mflery | Soluciones Ambientales\" \/>\n<meta property=\"article:modified_time\" content=\"2024-05-10T00:15:54+00:00\" \/>\n<meta property=\"og:image\" content=\"https:\/\/mflery.com\/wp-content\/uploads\/2024\/04\/hojasabsor1.jpg\" \/>\n\t<meta property=\"og:image:width\" content=\"800\" \/>\n\t<meta property=\"og:image:height\" content=\"800\" \/>\n\t<meta property=\"og:image:type\" content=\"image\/jpeg\" \/>\n<meta name=\"twitter:card\" content=\"summary_large_image\" \/>\n<meta name=\"twitter:label1\" content=\"Tiempo de lectura\" \/>\n\t<meta name=\"twitter:data1\" content=\"1 minuto\" \/>\n<script type=\"application\/ld+json\" class=\"yoast-schema-graph\">{\"@context\":\"https:\\\/\\\/schema.org\",\"@graph\":[{\"@type\":\"WebPage\",\"@id\":\"https:\\\/\\\/mflery.com\\\/?product=panos-de-tela-oelofilica-35-x-458-cm\",\"url\":\"https:\\\/\\\/mflery.com\\\/?product=panos-de-tela-oelofilica-35-x-458-cm\",\"name\":\"Pa\u00f1os de tela oelof\u00edlica 35 x 45,8 cm - Mflery | Soluciones Ambientales\",\"isPartOf\":{\"@id\":\"https:\\\/\\\/mflery.com\\\/#website\"},\"primaryImageOfPage\":{\"@id\":\"https:\\\/\\\/mflery.com\\\/?product=panos-de-tela-oelofilica-35-x-458-cm#primaryimage\"},\"image\":{\"@id\":\"https:\\\/\\\/mflery.com\\\/?product=panos-de-tela-oelofilica-35-x-458-cm#primaryimage\"},\"thumbnailUrl\":\"https:\\\/\\\/mflery.com\\\/wp-content\\\/uploads\\\/2024\\\/04\\\/hojasabsor1.jpg\",\"datePublished\":\"2024-05-08T23:30:23+00:00\",\"dateModified\":\"2024-05-10T00:15:54+00:00\",\"breadcrumb\":{\"@id\":\"https:\\\/\\\/mflery.com\\\/?product=panos-de-tela-oelofilica-35-x-458-cm#breadcrumb\"},\"inLanguage\":\"es-CO\",\"potentialAction\":[{\"@type\":\"ReadAction\",\"target\":[\"https:\\\/\\\/mflery.com\\\/?product=panos-de-tela-oelofilica-35-x-458-cm\"]}]},{\"@type\":\"ImageObject\",\"inLanguage\":\"es-CO\",\"@id\":\"https:\\\/\\\/mflery.com\\\/?product=panos-de-tela-oelofilica-35-x-458-cm#primaryimage\",\"url\":\"https:\\\/\\\/mflery.com\\\/wp-content\\\/uploads\\\/2024\\\/04\\\/hojasabsor1.jpg\",\"contentUrl\":\"https:\\\/\\\/mflery.com\\\/wp-content\\\/uploads\\\/2024\\\/04\\\/hojasabsor1.jpg\",\"width\":800,\"height\":800},{\"@type\":\"BreadcrumbList\",\"@id\":\"https:\\\/\\\/mflery.com\\\/?product=panos-de-tela-oelofilica-35-x-458-cm#breadcrumb\",\"itemListElement\":[{\"@type\":\"ListItem\",\"position\":1,\"name\":\"Inicio\",\"item\":\"https:\\\/\\\/mflery.com\\\/\"},{\"@type\":\"ListItem\",\"position\":2,\"name\":\"Pa\u00f1os de tela oelof\u00edlica 35 x 45,8 cm\"}]},{\"@type\":\"WebSite\",\"@id\":\"https:\\\/\\\/mflery.com\\\/#website\",\"url\":\"https:\\\/\\\/mflery.com\\\/\",\"name\":\"Mflery | Soluciones Ambientales\",\"description\":\"Entrega inmediata en todo el pa\u00eds | Precios m\u00e1s bajos garantizados\",\"publisher\":{\"@id\":\"https:\\\/\\\/mflery.com\\\/#organization\"},\"potentialAction\":[{\"@type\":\"SearchAction\",\"target\":{\"@type\":\"EntryPoint\",\"urlTemplate\":\"https:\\\/\\\/mflery.com\\\/?s={search_term_string}\"},\"query-input\":{\"@type\":\"PropertyValueSpecification\",\"valueRequired\":true,\"valueName\":\"search_term_string\"}}],\"inLanguage\":\"es-CO\"},{\"@type\":\"Organization\",\"@id\":\"https:\\\/\\\/mflery.com\\\/#organization\",\"name\":\"Mflery | Soluciones Ambientales\",\"url\":\"https:\\\/\\\/mflery.com\\\/\",\"logo\":{\"@type\":\"ImageObject\",\"inLanguage\":\"es-CO\",\"@id\":\"https:\\\/\\\/mflery.com\\\/#\\\/schema\\\/logo\\\/image\\\/\",\"url\":\"https:\\\/\\\/mflery.com\\\/wp-content\\\/uploads\\\/2024\\\/02\\\/cropped-logo_mflery.png\",\"contentUrl\":\"https:\\\/\\\/mflery.com\\\/wp-content\\\/uploads\\\/2024\\\/02\\\/cropped-logo_mflery.png\",\"width\":836,\"height\":254,\"caption\":\"Mflery | Soluciones Ambientales\"},\"image\":{\"@id\":\"https:\\\/\\\/mflery.com\\\/#\\\/schema\\\/logo\\\/image\\\/\"}}]}<\/script>\n<!-- \/ Yoast SEO plugin. -->","yoast_head_json":{"title":"Pa\u00f1os de tela oelof\u00edlica 35 x 45,8 cm - Mflery | Soluciones Ambientales","robots":{"index":"index","follow":"follow","max-snippet":"max-snippet:-1","max-image-preview":"max-image-preview:large","max-video-preview":"max-video-preview:-1"},"canonical":"https:\/\/mflery.com\/?product=panos-de-tela-oelofilica-35-x-458-cm","og_locale":"es_ES","og_type":"article","og_title":"Pa\u00f1os de tela oelof\u00edlica 35 x 45,8 cm - Mflery | Soluciones Ambientales","og_description":"Los pa\u00f1os de tela oleof\u00edlica son ideales para limpiar residuos de hidrocarburos y sus derivados. Su gran capacidad de absorci\u00f3n y reutilizaci\u00f3n los hacen un insumo pr\u00e1ctico y econ\u00f3mico para manejar todo tipo de derrames. Vendidos por unidad, paquete y al por mayor.","og_url":"https:\/\/mflery.com\/?product=panos-de-tela-oelofilica-35-x-458-cm","og_site_name":"Mflery | Soluciones Ambientales","article_modified_time":"2024-05-10T00:15:54+00:00","og_image":[{"width":800,"height":800,"url":"https:\/\/mflery.com\/wp-content\/uploads\/2024\/04\/hojasabsor1.jpg","type":"image\/jpeg"}],"twitter_card":"summary_large_image","twitter_misc":{"Tiempo de lectura":"1 minuto"},"schema":{"@context":"https:\/\/schema.org","@graph":[{"@type":"WebPage","@id":"https:\/\/mflery.com\/?product=panos-de-tela-oelofilica-35-x-458-cm","url":"https:\/\/mflery.com\/?product=panos-de-tela-oelofilica-35-x-458-cm","name":"Pa\u00f1os de tela oelof\u00edlica 35 x 45,8 cm - Mflery | Soluciones Ambientales","isPartOf":{"@id":"https:\/\/mflery.com\/#website"},"primaryImageOfPage":{"@id":"https:\/\/mflery.com\/?product=panos-de-tela-oelofilica-35-x-458-cm#primaryimage"},"image":{"@id":"https:\/\/mflery.com\/?product=panos-de-tela-oelofilica-35-x-458-cm#primaryimage"},"thumbnailUrl":"https:\/\/mflery.com\/wp-content\/uploads\/2024\/04\/hojasabsor1.jpg","datePublished":"2024-05-08T23:30:23+00:00","dateModified":"2024-05-10T00:15:54+00:00","breadcrumb":{"@id":"https:\/\/mflery.com\/?product=panos-de-tela-oelofilica-35-x-458-cm#breadcrumb"},"inLanguage":"es-CO","potentialAction":[{"@type":"ReadAction","target":["https:\/\/mflery.com\/?product=panos-de-tela-oelofilica-35-x-458-cm"]}]},{"@type":"ImageObject","inLanguage":"es-CO","@id":"https:\/\/mflery.com\/?product=panos-de-tela-oelofilica-35-x-458-cm#primaryimage","url":"https:\/\/mflery.com\/wp-content\/uploads\/2024\/04\/hojasabsor1.jpg","contentUrl":"https:\/\/mflery.com\/wp-content\/uploads\/2024\/04\/hojasabsor1.jpg","width":800,"height":800},{"@type":"BreadcrumbList","@id":"https:\/\/mflery.com\/?product=panos-de-tela-oelofilica-35-x-458-cm#breadcrumb","itemListElement":[{"@type":"ListItem","position":1,"name":"Inicio","item":"https:\/\/mflery.com\/"},{"@type":"ListItem","position":2,"name":"Pa\u00f1os de tela oelof\u00edlica 35 x 45,8 cm"}]},{"@type":"WebSite","@id":"https:\/\/mflery.com\/#website","url":"https:\/\/mflery.com\/","name":"Mflery | Soluciones Ambientales","description":"Entrega inmediata en todo el pa\u00eds | Precios m\u00e1s bajos garantizados","publisher":{"@id":"https:\/\/mflery.com\/#organization"},"potentialAction":[{"@type":"SearchAction","target":{"@type":"EntryPoint","urlTemplate":"https:\/\/mflery.com\/?s={search_term_string}"},"query-input":{"@type":"PropertyValueSpecification","valueRequired":true,"valueName":"search_term_string"}}],"inLanguage":"es-CO"},{"@type":"Organization","@id":"https:\/\/mflery.com\/#organization","name":"Mflery | Soluciones Ambientales","url":"https:\/\/mflery.com\/","logo":{"@type":"ImageObject","inLanguage":"es-CO","@id":"https:\/\/mflery.com\/#\/schema\/logo\/image\/","url":"https:\/\/mflery.com\/wp-content\/uploads\/2024\/02\/cropped-logo_mflery.png","contentUrl":"https:\/\/mflery.com\/wp-content\/uploads\/2024\/02\/cropped-logo_mflery.png","width":836,"height":254,"caption":"Mflery | Soluciones Ambientales"},"image":{"@id":"https:\/\/mflery.com\/#\/schema\/logo\/image\/"}}]}},"_links":{"self":[{"href":"https:\/\/mflery.com\/index.php?rest_route=\/wp\/v2\/product\/478","targetHints":{"allow":["GET"]}}],"collection":[{"href":"https:\/\/mflery.com\/index.php?rest_route=\/wp\/v2\/product"}],"about":[{"href":"https:\/\/mflery.com\/index.php?rest_route=\/wp\/v2\/types\/product"}],"wp:featuredmedia":[{"embeddable":true,"href":"https:\/\/mflery.com\/index.php?rest_route=\/wp\/v2\/media\/328"}],"wp:attachment":[{"href":"https:\/\/mflery.com\/index.php?rest_route=%2Fwp%2Fv2%2Fmedia&parent=478"}],"wp:term":[{"taxonomy":"product_cat","embeddable":true,"href":"https:\/\/mflery.com\/index.php?rest_route=%2Fwp%2Fv2%2Fproduct_cat&post=478"},{"taxonomy":"product_tag","embeddable":true,"href":"https:\/\/mflery.com\/index.php?rest_route=%2Fwp%2Fv2%2Fproduct_tag&post=478"}],"curies":[{"name":"wp","href":"https:\/\/api.w.org\/{rel}","templated":true}]}}