{"id":171,"date":"2024-03-11T13:07:28","date_gmt":"2024-03-11T18:07:28","guid":{"rendered":"https:\/\/mflery.com\/?page_id=171"},"modified":"2024-06-18T19:06:56","modified_gmt":"2024-06-19T00:06:56","slug":"productos","status":"publish","type":"page","link":"https:\/\/mflery.com\/?page_id=171","title":{"rendered":"Productos"},"content":{"rendered":"<p>Con m\u00e1s de 25 a\u00f1os de liderazgo en la industria, nos especializamos en proporcionar acceso inmediato a productos de la m\u00e1s alta calidad para prevenir y mitigar accidentes ambientales, especialmente derrames de petr\u00f3leo.<\/p>\n<p>Nuestra extensa l\u00ednea incluye kits anti derrames, absorbentes biodegradables, barreras, almohadas, rollos y pa\u00f1os de tela oleof\u00edlica, universal y hazmat. desengrasantes, equipo de HSEQ y m\u00e1s.<\/p>\n<p>Nuestros productos son importados de los mejores proveedores a nivel mundial. Por lo que garantizamos disponibilidad inmediata a nivel nacional y ofrecemos precios con descuento basados en cantidad y mantenemos un compromiso firme con nuestra <strong>pol\u00edtica de costos m\u00e1s bajos<\/strong>.<\/p>\n","protected":false},"excerpt":{"rendered":"<p>Con m\u00e1s de 25 a\u00f1os de liderazgo en la industria, nos especializamos en proporcionar acceso inmediato a productos de la m\u00e1s alta calidad para prevenir y mitigar accidentes ambientales, especialmente derrames de petr\u00f3leo. Nuestra extensa l\u00ednea incluye kits anti derrames, absorbentes biodegradables, barreras, almohadas, rollos y pa\u00f1os de tela oleof\u00edlica, universal y hazmat. desengrasantes, equipo [&hellip;]<\/p>\n","protected":false},"author":1,"featured_media":294,"parent":0,"menu_order":0,"comment_status":"closed","ping_status":"closed","template":"template-parts\/producto.php","meta":{"_acf_changed":false,"_joinchat":{"message_text":"No encuentras el producto que buscas?\n\nEscr\u00edbenos y te lo conseguimos","message_send":"Hola quiero saber m\u00e1s sobre los productos que venden"},"footnotes":""},"class_list":["post-171","page","type-page","status-publish","has-post-thumbnail","hentry"],"acf":[],"yoast_head":"<!-- This site is optimized with the Yoast SEO plugin v27.5 - https:\/\/yoast.com\/product\/yoast-seo-wordpress\/ -->\n<title>Productos - Mflery | Soluciones Ambientales<\/title>\n<meta name=\"description\" content=\"Entrega inmediata en todo el pa\u00eds. Barreras, Pa\u00f1os, Almohadas y Rollos Oleof\u00edlicos, Universales, Hazmat | Kits Antiderrames | Desengrasantes Biodegradables\" \/>\n<meta name=\"robots\" content=\"index, follow, max-snippet:-1, max-image-preview:large, max-video-preview:-1\" \/>\n<link rel=\"canonical\" href=\"https:\/\/mflery.com\/?page_id=171\" \/>\n<meta property=\"og:locale\" content=\"es_ES\" \/>\n<meta property=\"og:type\" content=\"article\" \/>\n<meta property=\"og:title\" content=\"Productos - Mflery | Soluciones Ambientales\" \/>\n<meta property=\"og:description\" content=\"Entrega inmediata en todo el pa\u00eds. Barreras, Pa\u00f1os, Almohadas y Rollos Oleof\u00edlicos, Universales, Hazmat | Kits Antiderrames | Desengrasantes Biodegradables\" \/>\n<meta property=\"og:url\" content=\"https:\/\/mflery.com\/?page_id=171\" \/>\n<meta property=\"og:site_name\" content=\"Mflery | Soluciones Ambientales\" \/>\n<meta property=\"article:modified_time\" content=\"2024-06-19T00:06:56+00:00\" \/>\n<meta property=\"og:image\" content=\"https:\/\/mflery.com\/wp-content\/uploads\/2024\/04\/headerprodu.jpg\" \/>\n\t<meta property=\"og:image:width\" content=\"1024\" \/>\n\t<meta property=\"og:image:height\" content=\"768\" \/>\n\t<meta property=\"og:image:type\" content=\"image\/jpeg\" \/>\n<meta name=\"twitter:card\" content=\"summary_large_image\" \/>\n<meta name=\"twitter:label1\" content=\"Tiempo de lectura\" \/>\n\t<meta name=\"twitter:data1\" content=\"1 minuto\" \/>\n<script type=\"application\/ld+json\" class=\"yoast-schema-graph\">{\"@context\":\"https:\\\/\\\/schema.org\",\"@graph\":[{\"@type\":\"WebPage\",\"@id\":\"https:\\\/\\\/mflery.com\\\/?page_id=171\",\"url\":\"https:\\\/\\\/mflery.com\\\/?page_id=171\",\"name\":\"Productos - Mflery | Soluciones Ambientales\",\"isPartOf\":{\"@id\":\"https:\\\/\\\/mflery.com\\\/#website\"},\"primaryImageOfPage\":{\"@id\":\"https:\\\/\\\/mflery.com\\\/?page_id=171#primaryimage\"},\"image\":{\"@id\":\"https:\\\/\\\/mflery.com\\\/?page_id=171#primaryimage\"},\"thumbnailUrl\":\"https:\\\/\\\/mflery.com\\\/wp-content\\\/uploads\\\/2024\\\/04\\\/headerprodu.jpg\",\"datePublished\":\"2024-03-11T18:07:28+00:00\",\"dateModified\":\"2024-06-19T00:06:56+00:00\",\"description\":\"Entrega inmediata en todo el pa\u00eds. Barreras, Pa\u00f1os, Almohadas y Rollos Oleof\u00edlicos, Universales, Hazmat | Kits Antiderrames | Desengrasantes Biodegradables\",\"breadcrumb\":{\"@id\":\"https:\\\/\\\/mflery.com\\\/?page_id=171#breadcrumb\"},\"inLanguage\":\"es-CO\",\"potentialAction\":[{\"@type\":\"ReadAction\",\"target\":[\"https:\\\/\\\/mflery.com\\\/?page_id=171\"]}]},{\"@type\":\"ImageObject\",\"inLanguage\":\"es-CO\",\"@id\":\"https:\\\/\\\/mflery.com\\\/?page_id=171#primaryimage\",\"url\":\"https:\\\/\\\/mflery.com\\\/wp-content\\\/uploads\\\/2024\\\/04\\\/headerprodu.jpg\",\"contentUrl\":\"https:\\\/\\\/mflery.com\\\/wp-content\\\/uploads\\\/2024\\\/04\\\/headerprodu.jpg\",\"width\":1024,\"height\":768},{\"@type\":\"BreadcrumbList\",\"@id\":\"https:\\\/\\\/mflery.com\\\/?page_id=171#breadcrumb\",\"itemListElement\":[{\"@type\":\"ListItem\",\"position\":1,\"name\":\"Inicio\",\"item\":\"https:\\\/\\\/mflery.com\\\/\"},{\"@type\":\"ListItem\",\"position\":2,\"name\":\"Productos\"}]},{\"@type\":\"WebSite\",\"@id\":\"https:\\\/\\\/mflery.com\\\/#website\",\"url\":\"https:\\\/\\\/mflery.com\\\/\",\"name\":\"Mflery | Soluciones Ambientales\",\"description\":\"Entrega inmediata en todo el pa\u00eds | Precios m\u00e1s bajos garantizados\",\"publisher\":{\"@id\":\"https:\\\/\\\/mflery.com\\\/#organization\"},\"potentialAction\":[{\"@type\":\"SearchAction\",\"target\":{\"@type\":\"EntryPoint\",\"urlTemplate\":\"https:\\\/\\\/mflery.com\\\/?s={search_term_string}\"},\"query-input\":{\"@type\":\"PropertyValueSpecification\",\"valueRequired\":true,\"valueName\":\"search_term_string\"}}],\"inLanguage\":\"es-CO\"},{\"@type\":\"Organization\",\"@id\":\"https:\\\/\\\/mflery.com\\\/#organization\",\"name\":\"Mflery | Soluciones Ambientales\",\"url\":\"https:\\\/\\\/mflery.com\\\/\",\"logo\":{\"@type\":\"ImageObject\",\"inLanguage\":\"es-CO\",\"@id\":\"https:\\\/\\\/mflery.com\\\/#\\\/schema\\\/logo\\\/image\\\/\",\"url\":\"https:\\\/\\\/mflery.com\\\/wp-content\\\/uploads\\\/2024\\\/02\\\/cropped-logo_mflery.png\",\"contentUrl\":\"https:\\\/\\\/mflery.com\\\/wp-content\\\/uploads\\\/2024\\\/02\\\/cropped-logo_mflery.png\",\"width\":836,\"height\":254,\"caption\":\"Mflery | Soluciones Ambientales\"},\"image\":{\"@id\":\"https:\\\/\\\/mflery.com\\\/#\\\/schema\\\/logo\\\/image\\\/\"}}]}<\/script>\n<!-- \/ Yoast SEO plugin. -->","yoast_head_json":{"title":"Productos - Mflery | Soluciones Ambientales","description":"Entrega inmediata en todo el pa\u00eds. Barreras, Pa\u00f1os, Almohadas y Rollos Oleof\u00edlicos, Universales, Hazmat | Kits Antiderrames | Desengrasantes Biodegradables","robots":{"index":"index","follow":"follow","max-snippet":"max-snippet:-1","max-image-preview":"max-image-preview:large","max-video-preview":"max-video-preview:-1"},"canonical":"https:\/\/mflery.com\/?page_id=171","og_locale":"es_ES","og_type":"article","og_title":"Productos - Mflery | Soluciones Ambientales","og_description":"Entrega inmediata en todo el pa\u00eds. Barreras, Pa\u00f1os, Almohadas y Rollos Oleof\u00edlicos, Universales, Hazmat | Kits Antiderrames | Desengrasantes Biodegradables","og_url":"https:\/\/mflery.com\/?page_id=171","og_site_name":"Mflery | Soluciones Ambientales","article_modified_time":"2024-06-19T00:06:56+00:00","og_image":[{"width":1024,"height":768,"url":"https:\/\/mflery.com\/wp-content\/uploads\/2024\/04\/headerprodu.jpg","type":"image\/jpeg"}],"twitter_card":"summary_large_image","twitter_misc":{"Tiempo de lectura":"1 minuto"},"schema":{"@context":"https:\/\/schema.org","@graph":[{"@type":"WebPage","@id":"https:\/\/mflery.com\/?page_id=171","url":"https:\/\/mflery.com\/?page_id=171","name":"Productos - Mflery | Soluciones Ambientales","isPartOf":{"@id":"https:\/\/mflery.com\/#website"},"primaryImageOfPage":{"@id":"https:\/\/mflery.com\/?page_id=171#primaryimage"},"image":{"@id":"https:\/\/mflery.com\/?page_id=171#primaryimage"},"thumbnailUrl":"https:\/\/mflery.com\/wp-content\/uploads\/2024\/04\/headerprodu.jpg","datePublished":"2024-03-11T18:07:28+00:00","dateModified":"2024-06-19T00:06:56+00:00","description":"Entrega inmediata en todo el pa\u00eds. Barreras, Pa\u00f1os, Almohadas y Rollos Oleof\u00edlicos, Universales, Hazmat | Kits Antiderrames | Desengrasantes Biodegradables","breadcrumb":{"@id":"https:\/\/mflery.com\/?page_id=171#breadcrumb"},"inLanguage":"es-CO","potentialAction":[{"@type":"ReadAction","target":["https:\/\/mflery.com\/?page_id=171"]}]},{"@type":"ImageObject","inLanguage":"es-CO","@id":"https:\/\/mflery.com\/?page_id=171#primaryimage","url":"https:\/\/mflery.com\/wp-content\/uploads\/2024\/04\/headerprodu.jpg","contentUrl":"https:\/\/mflery.com\/wp-content\/uploads\/2024\/04\/headerprodu.jpg","width":1024,"height":768},{"@type":"BreadcrumbList","@id":"https:\/\/mflery.com\/?page_id=171#breadcrumb","itemListElement":[{"@type":"ListItem","position":1,"name":"Inicio","item":"https:\/\/mflery.com\/"},{"@type":"ListItem","position":2,"name":"Productos"}]},{"@type":"WebSite","@id":"https:\/\/mflery.com\/#website","url":"https:\/\/mflery.com\/","name":"Mflery | Soluciones Ambientales","description":"Entrega inmediata en todo el pa\u00eds | Precios m\u00e1s bajos garantizados","publisher":{"@id":"https:\/\/mflery.com\/#organization"},"potentialAction":[{"@type":"SearchAction","target":{"@type":"EntryPoint","urlTemplate":"https:\/\/mflery.com\/?s={search_term_string}"},"query-input":{"@type":"PropertyValueSpecification","valueRequired":true,"valueName":"search_term_string"}}],"inLanguage":"es-CO"},{"@type":"Organization","@id":"https:\/\/mflery.com\/#organization","name":"Mflery | Soluciones Ambientales","url":"https:\/\/mflery.com\/","logo":{"@type":"ImageObject","inLanguage":"es-CO","@id":"https:\/\/mflery.com\/#\/schema\/logo\/image\/","url":"https:\/\/mflery.com\/wp-content\/uploads\/2024\/02\/cropped-logo_mflery.png","contentUrl":"https:\/\/mflery.com\/wp-content\/uploads\/2024\/02\/cropped-logo_mflery.png","width":836,"height":254,"caption":"Mflery | Soluciones Ambientales"},"image":{"@id":"https:\/\/mflery.com\/#\/schema\/logo\/image\/"}}]}},"_links":{"self":[{"href":"https:\/\/mflery.com\/index.php?rest_route=\/wp\/v2\/pages\/171","targetHints":{"allow":["GET"]}}],"collection":[{"href":"https:\/\/mflery.com\/index.php?rest_route=\/wp\/v2\/pages"}],"about":[{"href":"https:\/\/mflery.com\/index.php?rest_route=\/wp\/v2\/types\/page"}],"author":[{"embeddable":true,"href":"https:\/\/mflery.com\/index.php?rest_route=\/wp\/v2\/users\/1"}],"replies":[{"embeddable":true,"href":"https:\/\/mflery.com\/index.php?rest_route=%2Fwp%2Fv2%2Fcomments&post=171"}],"version-history":[{"count":10,"href":"https:\/\/mflery.com\/index.php?rest_route=\/wp\/v2\/pages\/171\/revisions"}],"predecessor-version":[{"id":680,"href":"https:\/\/mflery.com\/index.php?rest_route=\/wp\/v2\/pages\/171\/revisions\/680"}],"wp:featuredmedia":[{"embeddable":true,"href":"https:\/\/mflery.com\/index.php?rest_route=\/wp\/v2\/media\/294"}],"wp:attachment":[{"href":"https:\/\/mflery.com\/index.php?rest_route=%2Fwp%2Fv2%2Fmedia&parent=171"}],"curies":[{"name":"wp","href":"https:\/\/api.w.org\/{rel}","templated":true}]}}